{"id":125,"date":"2009-02-08T10:15:49","date_gmt":"2009-02-08T09:15:49","guid":{"rendered":"http:\/\/wlochata-pasja.home.pl\/www\/?page_id=125"},"modified":"2024-02-01T10:13:55","modified_gmt":"2024-02-01T09:13:55","slug":"behawiorystyka","status":"publish","type":"page","link":"https:\/\/www.wlochata-pasja.com.pl\/fi\/kayttaytymistiede\/","title":{"rendered":"k\u00e4ytt\u00e4ytymistiede"},"content":{"rendered":"<p>[et_pb_section fb_built=\u201d1\u2033 fullwidth=\u201don\u201d next_background_color=\u201d#ffffff\u201d admin_label=\u201dHeader Section\u201d _builder_version=\u201d4.23\u2033 background_color=\u201d#FFFFFF\u201d bottom_color_color_info\u201d {}&quot;] [et_pb_fullwidth_header subhead=\u201dBehavioristics\u201d content_max_width=\u201d640px\u201d admin_label=\u201dFullwidth Header\u201d _builder_version=\u201d4.23\u2033 title_font=\u201dRaleway|700||||||\u201d title_text_align=\u201dcenter\u201d title_font_size=\u201d21px\u201d title_line_height=\u201d0.8em\u201d content_font=\u201dRaleway||||||||\u201d content_text_align=\u201dleft\u201d content_text_color=\u201d#FFFFFF\u201d content_font_size=\u201d50px\u201d content_line_height=\u201d1.1em\u201d subhead_font=\u201dRaleway|700|||||||\u201d subhead_text_align=\u201dleft\u201d subhead_font_size=\u201d70px\u201d subhead_line_height=\u201d1.1em\u201d background_color=\u201drgba(255,255,255,0)\u201d background_image=\u201dhttps:\/\/www.wlochata-pasja.com.pl\/plik\/Labradoodle-Wlochata-Pasjahata -Behaviourism-scaled.jpg \u201dbackground_blend =\u201d peittokuva \u201dcustom_button_one =\u201d on \u201dbutton_one_text_size =\u201d 16px \u201dbutton_one_text_color =\u201d #FFFFF \u201dButton_ONE_BG_COLOR =\u201d RGBA (224,153,0,0.83) Order_color = \u201drg ba ( 0 ,0,0,0)\u201d button_one_border_radius=\u201d100px\u201d button_one_letter_spacing=\u201d3px\u201d button_one_font=\u201dOswald|||on|||||\u201d button_one_use_icon=\u201doff\u201d custom_button_two=\u201don\u201d button_two_text_size=\u201d16px\u201d button_two_text_color=\u201d#ffffff\u201d button_two_bg_color=\u201drgba(224,153,0,0.83)\u201d button_two_border_wop0\u201d 0,0) \u201d button_two_border_radius=\u201d100px\u201d button_two_letter_spacing=\u201d3px\u201d button_two_font=\u201dOswald|||on|||||\u201d button_two_use_icon=\u201doff\u201d custom_margin=\u201d|||\u201d custom_padding=\u201d9vw||9vw||true|\u201d content_font_size_tablet=\u201d50px\u201d content_font_size_phone=\u201d25px\u201d content_font_size_last_edited=\u201don|desktop\u201d subhead_font_size_tablet=\u201d80px\u201d subhead_font_size_phone=\u201d35px\u201d subhead_ont_size\u201d preset4\u2033 title_text_shadow_color=\u201d #000000\u2033 content_text_shadow_style=\u201desiasetus2\u2033 content_text_shadow_color # _colors_info= \u201d{}\u201d button_one_text_size__hover_enabled=\u201doff\u201d button_two_text_size__hover_enabled=\u201doff\u201d button_one_text_color__hover_enabled=\u201doff\u201d Button =\u201doff\u201d radius__hover=\u201d100px\u201d button_two_border_radius__hover_enabled=\u201doff\u201d button_one_letter_spacing__hover_enabled=\u201doff\u201d button_two_letter_spacing__hover_enabled=\u201doff\u201d Button ction fb_built=\u201d1 \u2033_builder_version=\u201d4.16\u2033 global_colors_info=\u201d{}\u201d][et_pb_row _builder_version=\u201d4.16\u2033 background_size=\u201dinitial\u201d background_position=\u201dtop_left\u201d background_repeat=\u201drepeat\u201d global_colors_info=\u201d{}\u201d][et_pb_column type=\u201d4_4\u2033 _builder_version=\u201d4.16\u2033| custom_padding global_colors_info=\u201d{}\u201d custom_padding__hover=\u201d|||\u201d][et_pb_text _builder_version=\u201d4.23\u2033 background_size=\u201dinitial\u201d background_position=\u201dtop_left\u201d background_repeat=\u201drepeat\u201d hover_enabled=\u201d0\u2033 global_ts\u201d_info=fon_ts\u201d_info 18px\u201d text_font_size_last_edited=\u201don|phone\u201d sticky_enabled=\u201d0\u2033 text_font_size_phone=\u201d16px\u201d text_font_size_tablet=\u201d18px\u201d]<\/p>\n<p style=\"text-align: justify;\">Seikkailuni el\u00e4inten kanssa alkoi, kun sen piti p\u00e4\u00e4tty\u00e4 \u00e4killisesti. Astman ja lukuisten allergioiden vuoksi minun piti l\u00f6yt\u00e4\u00e4 kodit - ensin rakkaalle papukaijalleni, sitten bassetilleni. Pian kuitenkin tajusin, ett\u00e4 se kaikki oli osa suurempaa suunnitelmaa.<\/p>\n<p style=\"text-align: justify;\">Kesti kauan ennen kuin p\u00e4\u00e4tin hankkia toisen lemmikin. Olen etsinyt tietoa hypoallergeenisista roduista melko pitk\u00e4\u00e4n. Vain kolme vuotta sitten yleis\u00f6n tietoisuus niiden olemassaolosta oli hyvin alhainen. Havainnollistamiseksi - yhdelt\u00e4 t\u00e4llaisten rotujen foorumeilta l\u00f6ysin m\u00e4\u00e4ritelm\u00e4n sanalle &quot;hypoallergeeninen&quot;: HIPO - eritt\u00e4in, eritt\u00e4in paljon (jossa oli jopa vertailu virtahepoon), ALLERGINEN - herkist\u00e4v\u00e4 - tarkoittaa &quot;koira, joka on eritt\u00e4in allerginen&quot;. Minun ei tarvitse mainita, ett\u00e4 yll\u00e4 oleva m\u00e4\u00e4ritelm\u00e4 on nyt siirretty ns helmi\u00e4 t\u00e4ll\u00e4 foorumilla.<\/p>\n<p style=\"text-align: justify;\">Useiden kasvattajavierailujen j\u00e4lkeen (oli my\u00f6s eritt\u00e4in skeptinen hypoallergeenisuuden suhteen) valitsin valkoisen l\u00e4nsiyl\u00e4maanterrierinaaraan, jonka kanssa aloitin harjoittelun Pastel Dog Training Centress\u00e4. Silloin syntyi ensimm\u00e4ist\u00e4 kertaa ajatus el\u00e4inten kanssa ty\u00f6skentelyst\u00e4 ja sielt\u00e4 l\u00f6ysin todellisen intohimoni. T\u00e4m\u00e4 ajatus ei viel\u00e4 muodostanut yhten\u00e4ist\u00e4 kokonaisuutta \u2013 itse asiassa se oli vain luonnos, joka on jatkuvan, pienemm\u00e4n tai suuremman muunnelman alainen t\u00e4h\u00e4n p\u00e4iv\u00e4\u00e4n asti.<\/p>\n<p style=\"text-align: justify;\">Kokemusta sain koirieni kouluttamisesta, suosikkini joukossa on koiraurheiluharjoituksia. Olen my\u00f6s kouluttanut eri ik\u00e4isi\u00e4 ja erilaisten kokemusten j\u00e4lkeen kennelkoiria. Suuri menestys oli kuukauden ty\u00f6skentely edellisen valmentajan ly\u00f6m\u00e4n koiran kanssa. Olen tarjoamassa koiranomistajille k\u00e4ytt\u00e4ytymisapua ja haluan kehitty\u00e4 edelleen t\u00e4h\u00e4n suuntaan.<\/p>\n<p style=\"text-align: justify;\">Kennelliitolle teen pentujen temperamenttitestej\u00e4 pentueiden ker\u00e4\u00e4misen yhteydess\u00e4. T\u00e4ll\u00e4 hetkell\u00e4 olen aloittanut kokeita, joita toivon esittelev\u00e4ni ty\u00f6ss\u00e4ni, joissa haluan keskitty\u00e4 arvioimaan pentujen luonnetta ja ymp\u00e4rist\u00f6tekij\u00f6iden vaikutusta niiden muuttumiseen.<\/p>\n<p style=\"text-align: justify;\">Olen valmistunut COAPE-diplomikurssista, PASTEL-koirakoulutuskeskuksen j\u00e4rjest\u00e4m\u00e4st\u00e4 koulutuskurssista ja Psia Wachtan j\u00e4rjest\u00e4mist\u00e4 seminaareista.<\/p>\n<p style=\"text-align: justify;\">T\u00e4ss\u00e4 osiossa julkaisen itseni ja muiden kirjoittamia artikkeleita - seurael\u00e4ink\u00e4ytt\u00e4ytymisterapian alan viranomaisia ja COAPE-kurssille osallistuvia tulevia k\u00e4ytt\u00e4ytymisasiantuntijoita. Toivon, ett\u00e4 ne osoittautuvat hy\u00f6dyllisiksi lukijoille - pyyd\u00e4n sinua lukemaan ne ja kaikki kommentit, joihin vastaan mielell\u00e4ni.<\/p>\n<p style=\"text-align: justify;\">Edyta Gajewska<\/p>\n<p style=\"text-align: justify;\">Karvainen intohimo<\/p>\n<p style=\"text-align: justify;\">[\/et_pb_text][\/et_pb_column][\/et_pb_row][\/et_pb_section]<\/p>","protected":false},"excerpt":{"rendered":"<p>Seikkailuni el\u00e4inten kanssa alkoi, kun sen piti p\u00e4\u00e4tty\u00e4 \u00e4killisesti. Astman ja lukuisten allergioiden vuoksi minun piti l\u00f6yt\u00e4\u00e4 kodit - ensin rakkaalle papukaijalleni, sitten bassetilleni. Pian kuitenkin tajusin, ett\u00e4 se kaikki oli osa suurempaa suunnitelmaa. Kesti kauan ennen kuin p\u00e4\u00e4tin hankkia toisen lemmikin. Tietoja hypoallergeenisista roduista [...]<\/p>","protected":false},"author":3,"featured_media":0,"parent":0,"menu_order":8,"comment_status":"open","ping_status":"open","template":"","meta":{"_et_pb_use_builder":"on","_et_pb_old_content":"<p style=\"text-align: justify;\"><img class=\"alignleft size-full wp-image-166\" style=\"border: 5px solid WHITE;\" title=\"W\u0142ochata Pasja - Behawiorystyka\" src=\"https:\/\/wlochata-pasja.com.pl\/wp-content\/uploads\/2009\/02\/bahawiorystyka-art1.png\" alt=\"bahawiorystyka-art1\" width=\"270\" height=\"73\">Moja przygoda ze zwierz\u0119tami, zacz\u0119\u0142a si\u0119 wtedy, kiedy gwa\u0142townie musia\u0142a si\u0119 sko\u0144czy\u0107. Ze wzgl\u0119du na astm\u0119 i liczne alergie musia\u0142am znale\u017a\u0107 domy - najpierw dla ukochanej papugi, potem psa rasy Basset Hound. Wkr\u00f3tce jednak\u017ce zrozumia\u0142am, \u017ce wszystko by\u0142o cz\u0119\u015bci\u0105 wi\u0119kszego planu.<\/p>\n<p style=\"text-align: justify;\">Sporo czasu min\u0119\u0142o zanim zdecydowa\u0142am si\u0119 na kolejne zwierz\u0105tko. Informacji na temat ras hipoalergicznych szuka\u0142am dosy\u0107 d\u0142ugo. Jeszcze trzy lata temu, \u015bwiadomo\u015b\u0107 spo\u0142ecze\u0144stwa odno\u015bnie ich istnienia by\u0142a bardzo niska. Dla zobrazowania - na jednym z forum w\u0142a\u015bnie takich ras znalaz\u0142am definicj\u0119 s\u0142owa \u201ehipoalergiczny\": HIPO - bardzo, wielce (tu pad\u0142o nawet por\u00f3wnanie do hipopotama), ALERGICZNY - uczulaj\u0105cy - czyli \u201epies, kt\u00f3ry bardzo uczula\". Nie musz\u0119 wspomina\u0107, i\u017c powy\u017csza definicja obecnie zosta\u0142a przeniesiona do tzw. \u201epere\u0142ek\" na tym\u017ce forum.<\/p>\n<p style=\"text-align: justify;\">Po licznych wizytach u hodowcy (ja r\u00f3wnie\u017c bardzo sceptycznie podchodzi\u0142am do tematu hipoalergiczno\u015bci) zdecydowa\u0142am si\u0119 na suczk\u0119 rasy West Highland White Terrier, z kt\u00f3r\u0105 rozpocz\u0119\u0142am trening w O\u015brodku Szkolenia Ps\u00f3w Pastel. Wtedy po raz pierwszy zrodzi\u0142 si\u0119 pomys\u0142, pracy ze zwierz\u0119tami i w tym te\u017c odnalaz\u0142am prawdziw\u0105 pasj\u0119. Pomys\u0142 ten jeszcze wtedy nie tworzy\u0142 sp\u00f3jnej ca\u0142o\u015bci - w\u0142a\u015bciwie by\u0142 jedynie szkicem, kt\u00f3ry ulega sta\u0142ym, mniejszym b\u0105d\u017a wi\u0119kszym modyfikacjom po dzie\u0144 dzisiejszy.<\/p>\n<p style=\"text-align: justify;\">Do\u015bwiadczenia zdobywa\u0142am trenuj\u0105c moje psy, do najbardziej ulubionych zaliczam treningi psich sport\u00f3w. Szkoli\u0142am r\u00f3wnie\u017c psy kenelowe, w r\u00f3\u017cnym wieku, a tak\u017ce po r\u00f3\u017cnych przej\u015bciach. Moim du\u017cym sukcesem by\u0142y wyniki miesi\u0119cznej pracy z psem, bitym przez poprzedniego szkoleniowca. Odnajduj\u0119 si\u0119 udzielaj\u0105c pomocy behawioralnej w\u0142a\u015bcicielom ps\u00f3w i w tym kierunku chc\u0119 si\u0119 dalej rozwija\u0107.<\/p>\n<p style=\"text-align: justify;\">Dla Zwi\u0105zku Kynologicznego, przy odbiorach miot\u00f3w, robi\u0119 testy temperament\u00f3w szczeni\u0105t. Obecnie rozpocz\u0119\u0142am do\u015bwiadczenia, kt\u00f3re mam nadziej\u0119 zaprezentowa\u0107 w swojej pracy, w kt\u00f3rej chc\u0119 skupi\u0107 si\u0119 na ocenach temperament\u00f3w szczeni\u0105t i wp\u0142ywie czynnik\u00f3w \u015brodowiskowych na ich modyfikacj\u0119.<\/p>\n<p style=\"text-align: justify;\">Jestem absolwentk\u0105 kursu dyplomowego COAPE, kursu trenerskiego przeprowadzanego przez o\u015brodek szkolenia ps\u00f3w PASTEL oraz seminari\u00f3w organizowanych przez Psi\u0105 Wacht\u0119.<\/p>\n<p style=\"text-align: justify;\">W tym dziale b\u0119d\u0119 zamieszcza\u0107 artyku\u0142y swojego autorstwa oraz autorstwa innych - autorytet\u00f3w w dziedzinie terapii zachowania zwierz\u0105t towarzysz\u0105cych, oraz przysz\u0142ych behawioryst\u00f3w wraz ze mn\u0105 bior\u0105cych udzia\u0142 w kursie COAPE. Mam nadziej\u0119, \u017ce oka\u017c\u0105 si\u0119 one przydatne dla czytelnik\u00f3w - zapraszam do lektury i wszelkich komentarzy, do kt\u00f3rych z przyjemno\u015bci\u0105 si\u0119 ustosunkuj\u0119.<\/p>\n<p style=\"text-align: justify;\">Edyta Gajewska<\/p>\n<p style=\"text-align: justify;\">W\u0142ochata Pasja<\/p>\n<p style=\"text-align: justify;\">&nbsp;<\/p>","_et_gb_content_width":"1080","footnotes":""},"_links":{"self":[{"href":"https:\/\/www.wlochata-pasja.com.pl\/fi\/wp-json\/wp\/v2\/pages\/125"}],"collection":[{"href":"https:\/\/www.wlochata-pasja.com.pl\/fi\/wp-json\/wp\/v2\/pages"}],"about":[{"href":"https:\/\/www.wlochata-pasja.com.pl\/fi\/wp-json\/wp\/v2\/types\/page"}],"author":[{"embeddable":true,"href":"https:\/\/www.wlochata-pasja.com.pl\/fi\/wp-json\/wp\/v2\/users\/3"}],"replies":[{"embeddable":true,"href":"https:\/\/www.wlochata-pasja.com.pl\/fi\/wp-json\/wp\/v2\/comments?post=125"}],"version-history":[{"count":4,"href":"https:\/\/www.wlochata-pasja.com.pl\/fi\/wp-json\/wp\/v2\/pages\/125\/revisions"}],"predecessor-version":[{"id":4000,"href":"https:\/\/www.wlochata-pasja.com.pl\/fi\/wp-json\/wp\/v2\/pages\/125\/revisions\/4000"}],"wp:attachment":[{"href":"https:\/\/www.wlochata-pasja.com.pl\/fi\/wp-json\/wp\/v2\/media?parent=125"}],"curies":[{"name":"wp","href":"https:\/\/api.w.org\/{rel}","templated":true}]}}