{"id":125,"date":"2009-02-08T10:15:49","date_gmt":"2009-02-08T09:15:49","guid":{"rendered":"http:\/\/wlochata-pasja.home.pl\/www\/?page_id=125"},"modified":"2024-02-01T10:13:55","modified_gmt":"2024-02-01T09:13:55","slug":"behawiorystyka","status":"publish","type":"page","link":"https:\/\/www.wlochata-pasja.com.pl\/en\/behavioral-science\/","title":{"rendered":"behavioral science"},"content":{"rendered":"<p>[et_pb_section fb_built=\u201d1\u2033 fullwidth=\u201don\u201d next_background_color=\u201d#ffffff\u201d admin_label=\u201dHeader Section\u201d _builder_version=\u201d4.23\u2033 background_color=\u201d#FFFFFF\u201d bottom_divider_style=\u201dwave\u201d bottom_divider_flip=\u201dhorizontal\u201d global_colors_info=\u201d{}\u201d] [et_pb_fullwidth_header subhead=\u201dBehavioristics\u201d content_max_width=\u201d640px\u201d admin_label=\u201dFullwidth Header\u201d _builder_version=\u201d4.23\u2033 title_font=\u201dRaleway|700|||||||\u201d title_text_align=\u201dcenter\u201d title_font_size=\u201d21px\u201d title_line_height=\u201d0.8em\u201d content_font=\u201dRaleway||||||||\u201d content_text_align=\u201dleft\u201d content_text_color=\u201d#FFFFFF\u201d content_font_size=\u201d50px\u201d content_line_height=\u201d1.1em\u201d subhead_font=\u201dRaleway|700|||||||\u201d subhead_text_align=\u201dleft\u201d subhead_font_size=\u201d70px\u201d subhead_line_height=\u201d1.1em\u201d background_color=\u201drgba(255,255,255,0)\u201d background_image=\u201dhttps:\/\/www.wlochata-pasja.com.pl\/plik\/Labradoodle-Wlochata-Pasja -Behaviourism-scaled.jpg\u201d background_blend=\u201doverlay\u201d custom_button_one=\u201don\u201d button_one_text_size=\u201d16px\u201d button_one_text_color=\u201d#ffffff\u201d button_one_bg_color=\u201drgba(224,153,0,0.83)\u201d button_one_border_width=\u201d15px\u201d button_one_border_color=\u201drg ba(0 ,0,0,0)\u201d button_one_border_radius=\u201d100px\u201d button_one_letter_spacing=\u201d3px\u201d button_one_font=\u201dOswald|||on|||||\u201d button_one_use_icon=\u201doff\u201d custom_button_two=\u201don\u201d button_two_text_size=\u201d16px\u201d button_two_text_color=\u201d#ffffff\u201d button_two_bg_color=\u201drgba(224,153,0,0.83)\u201d button_two_border_width=\u201d15px\u201d button_two_border_color=\u201drgba(0,0,0,0) \u201d button_two_border_radius=\u201d100px\u201d button_two_letter_spacing=\u201d3px\u201d button_two_font=\u201dOswald|||on|||||\u201d button_two_use_icon=\u201doff\u201d custom_margin=\u201d|||\u201d custom_padding=\u201d9vw||9vw||true|\u201d content_font_size_tablet=\u201d50px\u201d content_font_size_phone=\u201d25px\u201d content_font_size_last_edited=\u201don|desktop\u201d subhead_font_size_tablet=\u201d80px\u201d subhead_font_size_phone=\u201d35px\u201d subhead_font_size_last_edited=\u201don|desktop\u201d title_text_shadow_style=\u201dpreset4\u2033 title_text_shadow_color=\u201d #000000\u2033 content_text_shadow_style=\u201dpreset2\u2033 content_text_shadow_color =\u201d#000000\u2033 subhead_text_shadow_style=\u201dpreset4\u2033 text_shadow_style=\u201dpreset4\u2033 button_one_border_radius_hover=\u201d100px\u201d button_one_bg_color_hover=\u201d#cc8d66\u2033 button_two_bg_color_hover=\u201d#d29f68\u2033 global_colors_info= \u201d{}\u201d button_one_text_size__hover_enabled=\u201doff\u201d button_two_text_size__hover_enabled=\u201doff\u201d button_one_text_color__hover_enabled=\u201doff\u201d button_two_text_color__hover_enabled=\u201doff\u201d button_one_border_width__hover_enabled=\u201doff\u201d button_two_border_width__hover_enabled=\u201doff\u201d button_one_border_color__hover_enabled=\u201doff\u201d button_two_border_color__hover_enabled=\u201doff\u201d button_one_border_radius__hover_enabled=\u201doff\u201d radius__hover=\u201d100px\u201d button_two_border_radius__hover_enabled=\u201doff\u201d button_one_letter_spacing__hover_enabled=\u201doff\u201d button_two_letter_spacing__hover_enabled=\u201doff\u201d button_one_bg_color__hover_enabled=\u201don\u201d button_one_bg_color__hover=\u201d#d87c6c\u201d button_two_bg_color__hover_enabled=\u201don\u201d button_two_bg_color__hover=\u201d#d87c6c\u201d][\/et_pb_fullwidth_header][\/et_pb_section][et_pb_section fb_built=\u201d1 \u2033_builder_version=\u201d4.16\u2033 global_colors_info=\u201d{}\u201d][et_pb_row _builder_version=\u201d4.16\u2033 background_size=\u201dinitial\u201d background_position=\u201dtop_left\u201d background_repeat=\u201drepeat\u201d global_colors_info=\u201d{}\u201d][et_pb_column type=\u201d4_4\u2033 _builder_version=\u201d4.16\u2033 custom_padding=\u201d|||\u201d global_colors_info=\u201d{}\u201d custom_padding__hover=\u201d|||\u201d][et_pb_text _builder_version=\u201d4.23\u2033 background_size=\u201dinitial\u201d background_position=\u201dtop_left\u201d background_repeat=\u201drepeat\u201d hover_enabled=\u201d0\u2033 global_colors_info=\u201d{}\u201d text_font_size=\u201d 18px\u201d text_font_size_last_edited=\u201don|phone\u201d sticky_enabled=\u201d0\u2033 text_font_size_phone=\u201d16px\u201d text_font_size_tablet=\u201d18px\u201d]<\/p>\n<p style=\"text-align: justify;\">My adventure with animals began when it had to end abruptly. Due to asthma and numerous allergies, I had to find homes - first for my beloved parrot, then for my Basset Hound. However, I soon realized that it was all part of a larger plan.<\/p>\n<p style=\"text-align: justify;\">It took a long time before I decided to get another pet. I have been looking for information about hypoallergenic breeds for quite a long time. Just three years ago, public awareness of their existence was very low. To illustrate - on one of the forums of such breeds I found a definition of the word &quot;hypoallergenic&quot;: HIPO - very, very much (there was even a comparison to a hippopotamus), ALLERGIC - sensitizing - meaning &quot;a dog that is very allergic&quot;. I do not have to mention that the above definition has now been transferred to the so-called gems on this forum.<\/p>\n<p style=\"text-align: justify;\">After numerous visits to the breeder (I was also very skeptical about hypoallergenicity) I decided on a West Highland White Terrier female, with whom I started training at the Pastel Dog Training Centre. It was then that the idea of working with animals was born for the first time and that&#039;s where I found my true passion. This idea did not yet form a coherent whole \u2013 in fact, it was only a sketch, which is subject to constant, smaller or larger modifications to this day.<\/p>\n<p style=\"text-align: justify;\">I gained experience by training my dogs, among the most favorite ones I include dog sports training. I have also trained kennel dogs of various ages and after various experiences. My big success were the results of a month&#039;s work with a dog that was beaten by the previous trainer. I find myself providing behavioral assistance to dog owners and I want to develop further in this direction.<\/p>\n<p style=\"text-align: justify;\">For the Kennel Club, I do puppy temperament tests when collecting litters. Currently, I have started experiments that I hope to present in my work, in which I want to focus on the assessment of puppy temperaments and the impact of environmental factors on their modification.<\/p>\n<p style=\"text-align: justify;\">I am a graduate of the COAPE diploma course, a training course conducted by the PASTEL dog training center and seminars organized by Psia Wachta.<\/p>\n<p style=\"text-align: justify;\">In this section I will post articles written by myself and by others - authorities in the field of companion animal behavior therapy, and future behaviorists with me participating in the COAPE course. I hope that they will prove useful to readers - I invite you to read them and any comments, to which I will be happy to respond.<\/p>\n<p style=\"text-align: justify;\">Edyta Gajewska<\/p>\n<p style=\"text-align: justify;\">Hairy Passion<\/p>\n<p style=\"text-align: justify;\">[\/et_pb_text][\/et_pb_column][\/et_pb_row][\/et_pb_section]<\/p>","protected":false},"excerpt":{"rendered":"<p>My adventure with animals began when it had to end abruptly. Due to asthma and numerous allergies, I had to find homes - first for my beloved parrot, then for my Basset Hound. However, I soon realized that it was all part of a larger plan. It took a long time before I decided to get another pet. Information on hypoallergenic breeds [...]<\/p>","protected":false},"author":3,"featured_media":0,"parent":0,"menu_order":8,"comment_status":"open","ping_status":"open","template":"","meta":{"_et_pb_use_builder":"on","_et_pb_old_content":"<p style=\"text-align: justify;\"><img class=\"alignleft size-full wp-image-166\" style=\"border: 5px solid WHITE;\" title=\"W\u0142ochata Pasja - Behawiorystyka\" src=\"https:\/\/wlochata-pasja.com.pl\/wp-content\/uploads\/2009\/02\/bahawiorystyka-art1.png\" alt=\"bahawiorystyka-art1\" width=\"270\" height=\"73\">Moja przygoda ze zwierz\u0119tami, zacz\u0119\u0142a si\u0119 wtedy, kiedy gwa\u0142townie musia\u0142a si\u0119 sko\u0144czy\u0107. Ze wzgl\u0119du na astm\u0119 i liczne alergie musia\u0142am znale\u017a\u0107 domy - najpierw dla ukochanej papugi, potem psa rasy Basset Hound. Wkr\u00f3tce jednak\u017ce zrozumia\u0142am, \u017ce wszystko by\u0142o cz\u0119\u015bci\u0105 wi\u0119kszego planu.<\/p>\n<p style=\"text-align: justify;\">Sporo czasu min\u0119\u0142o zanim zdecydowa\u0142am si\u0119 na kolejne zwierz\u0105tko. Informacji na temat ras hipoalergicznych szuka\u0142am dosy\u0107 d\u0142ugo. Jeszcze trzy lata temu, \u015bwiadomo\u015b\u0107 spo\u0142ecze\u0144stwa odno\u015bnie ich istnienia by\u0142a bardzo niska. Dla zobrazowania - na jednym z forum w\u0142a\u015bnie takich ras znalaz\u0142am definicj\u0119 s\u0142owa \u201ehipoalergiczny\": HIPO - bardzo, wielce (tu pad\u0142o nawet por\u00f3wnanie do hipopotama), ALERGICZNY - uczulaj\u0105cy - czyli \u201epies, kt\u00f3ry bardzo uczula\". Nie musz\u0119 wspomina\u0107, i\u017c powy\u017csza definicja obecnie zosta\u0142a przeniesiona do tzw. \u201epere\u0142ek\" na tym\u017ce forum.<\/p>\n<p style=\"text-align: justify;\">Po licznych wizytach u hodowcy (ja r\u00f3wnie\u017c bardzo sceptycznie podchodzi\u0142am do tematu hipoalergiczno\u015bci) zdecydowa\u0142am si\u0119 na suczk\u0119 rasy West Highland White Terrier, z kt\u00f3r\u0105 rozpocz\u0119\u0142am trening w O\u015brodku Szkolenia Ps\u00f3w Pastel. Wtedy po raz pierwszy zrodzi\u0142 si\u0119 pomys\u0142, pracy ze zwierz\u0119tami i w tym te\u017c odnalaz\u0142am prawdziw\u0105 pasj\u0119. Pomys\u0142 ten jeszcze wtedy nie tworzy\u0142 sp\u00f3jnej ca\u0142o\u015bci - w\u0142a\u015bciwie by\u0142 jedynie szkicem, kt\u00f3ry ulega sta\u0142ym, mniejszym b\u0105d\u017a wi\u0119kszym modyfikacjom po dzie\u0144 dzisiejszy.<\/p>\n<p style=\"text-align: justify;\">Do\u015bwiadczenia zdobywa\u0142am trenuj\u0105c moje psy, do najbardziej ulubionych zaliczam treningi psich sport\u00f3w. Szkoli\u0142am r\u00f3wnie\u017c psy kenelowe, w r\u00f3\u017cnym wieku, a tak\u017ce po r\u00f3\u017cnych przej\u015bciach. Moim du\u017cym sukcesem by\u0142y wyniki miesi\u0119cznej pracy z psem, bitym przez poprzedniego szkoleniowca. Odnajduj\u0119 si\u0119 udzielaj\u0105c pomocy behawioralnej w\u0142a\u015bcicielom ps\u00f3w i w tym kierunku chc\u0119 si\u0119 dalej rozwija\u0107.<\/p>\n<p style=\"text-align: justify;\">Dla Zwi\u0105zku Kynologicznego, przy odbiorach miot\u00f3w, robi\u0119 testy temperament\u00f3w szczeni\u0105t. Obecnie rozpocz\u0119\u0142am do\u015bwiadczenia, kt\u00f3re mam nadziej\u0119 zaprezentowa\u0107 w swojej pracy, w kt\u00f3rej chc\u0119 skupi\u0107 si\u0119 na ocenach temperament\u00f3w szczeni\u0105t i wp\u0142ywie czynnik\u00f3w \u015brodowiskowych na ich modyfikacj\u0119.<\/p>\n<p style=\"text-align: justify;\">Jestem absolwentk\u0105 kursu dyplomowego COAPE, kursu trenerskiego przeprowadzanego przez o\u015brodek szkolenia ps\u00f3w PASTEL oraz seminari\u00f3w organizowanych przez Psi\u0105 Wacht\u0119.<\/p>\n<p style=\"text-align: justify;\">W tym dziale b\u0119d\u0119 zamieszcza\u0107 artyku\u0142y swojego autorstwa oraz autorstwa innych - autorytet\u00f3w w dziedzinie terapii zachowania zwierz\u0105t towarzysz\u0105cych, oraz przysz\u0142ych behawioryst\u00f3w wraz ze mn\u0105 bior\u0105cych udzia\u0142 w kursie COAPE. Mam nadziej\u0119, \u017ce oka\u017c\u0105 si\u0119 one przydatne dla czytelnik\u00f3w - zapraszam do lektury i wszelkich komentarzy, do kt\u00f3rych z przyjemno\u015bci\u0105 si\u0119 ustosunkuj\u0119.<\/p>\n<p style=\"text-align: justify;\">Edyta Gajewska<\/p>\n<p style=\"text-align: justify;\">W\u0142ochata Pasja<\/p>\n<p style=\"text-align: justify;\">&nbsp;<\/p>","_et_gb_content_width":"1080","footnotes":""},"_links":{"self":[{"href":"https:\/\/www.wlochata-pasja.com.pl\/en\/wp-json\/wp\/v2\/pages\/125"}],"collection":[{"href":"https:\/\/www.wlochata-pasja.com.pl\/en\/wp-json\/wp\/v2\/pages"}],"about":[{"href":"https:\/\/www.wlochata-pasja.com.pl\/en\/wp-json\/wp\/v2\/types\/page"}],"author":[{"embeddable":true,"href":"https:\/\/www.wlochata-pasja.com.pl\/en\/wp-json\/wp\/v2\/users\/3"}],"replies":[{"embeddable":true,"href":"https:\/\/www.wlochata-pasja.com.pl\/en\/wp-json\/wp\/v2\/comments?post=125"}],"version-history":[{"count":4,"href":"https:\/\/www.wlochata-pasja.com.pl\/en\/wp-json\/wp\/v2\/pages\/125\/revisions"}],"predecessor-version":[{"id":4000,"href":"https:\/\/www.wlochata-pasja.com.pl\/en\/wp-json\/wp\/v2\/pages\/125\/revisions\/4000"}],"wp:attachment":[{"href":"https:\/\/www.wlochata-pasja.com.pl\/en\/wp-json\/wp\/v2\/media?parent=125"}],"curies":[{"name":"wp","href":"https:\/\/api.w.org\/{rel}","templated":true}]}}