{"id":125,"date":"2009-02-08T10:15:49","date_gmt":"2009-02-08T09:15:49","guid":{"rendered":"http:\/\/wlochata-pasja.home.pl\/www\/?page_id=125"},"modified":"2024-02-01T10:13:55","modified_gmt":"2024-02-01T09:13:55","slug":"behawiorystyka","status":"publish","type":"page","link":"https:\/\/www.wlochata-pasja.com.pl\/de\/verhaltensforschung\/","title":{"rendered":"Verhaltensforschung"},"content":{"rendered":"<p>[et_pb_section fb_built=\u201c1\u2033 fullwidth=\u201con\u201c next_background_color=\u201c#ffffff\u201c admin_label=\u201cHeader Section\u201c _builder_version=\u201c4.23\u2033 background_color=\u201c#FFFFFF\u201c bottom_divider_style=\u201cwave\u201c bottom_divider_flip=\u201chorizontal\u201c global_colors_info=\u201c{}\u201c] [et_pb_fullwidth_header subhead=\u201cBehavioristics\u201c content_max_width=\u201c640px\u201c admin_label=\u201cFullwidth Header\u201c _builder_version=\u201c4.23\u2033 title_font=\u201cRaleway|700|||||||\u201c title_text_align=\u201ccenter\u201c title_font_size=\u201c21px\u201c title_line_height=\u201c0.8em\u201c content_font=\u201cRaleway||||||||\u201c content_text_align=\u201cleft\u201c content_text_color=\u201c#FFFFFF\u201c content_font_size=\u201c50px\u201c content_line_height=\u201c1.1em\u201c subhead_font=\u201cRaleway|700|||||||\u201c subhead_text_align=\u201cleft\u201c subhead_font_size=\u201c70px\u201c subhead_line_height=\u201c1.1em\u201c background_color=\u201crgba(255,255,255,0)\u201c background_image=\u201chttps:\/\/www.wlochata-pasja.com.pl\/plik\/Labradoodle-Wlochata-Pasja -Behaviourism-scaled.jpg\u201c background_blend=\u201coverlay\u201c custom_button_one=\u201con\u201c button_one_text_size=\u201c16px\u201c button_one_text_color=\u201c#ffffff\u201c button_one_bg_color=\u201crgba(224,153,0,0.83)\u201c button_one_border_width=\u201c15px\u201c button_one_border_color=\u201crg ba( 0 ,0,0,0)\u201c button_one_border_radius=\u201c100px\u201c button_one_letter_spacing=\u201c3px\u201c button_one_font=\u201cOswald|||on|||||\u201c button_one_use_icon=\u201coff\u201c custom_button_two=\u201con\u201c button_two_text_size=\u201c16px\u201c button_two_text_color=\u201c#ffffff\u201c button_two_bg_color=\u201crgba(224,153,0,0.83)\u201c button_two_border_width=\u201c15px\u201c button_two_border_color=\u201crgba(0,0,0,0) \u201d button_two_border_radius=\u201c100px\u201c button_two_letter_spacing=\u201c3px\u201c button_two_font=\u201cOswald|||on|||||\u201c button_two_use_icon=\u201coff\u201c custom_margin=\u201c|||\u201c custom_padding=\u201c9vw||9vw||true|\u201c content_font_size_tablet=\u201c50px\u201c content_font_size_phone=\u201c25px\u201c content_font_size_last_edited=\u201con|desktop\u201c subhead_font_size_tablet=\u201c80px\u201c subhead_font_size_phone=\u201c35px\u201c subhead_font_size_last_edited=\u201con|desktop\u201c title_text_shadow_style=\u201cpreset4\u2033 title_text_shadow_color=\u201c 1 TP5T000000\u2033 content_text_shadow_style=\u201cpreset2\u2033 content_text_shadow_color =\u201c#000000\u2033 subhead_text_shadow_style=\u201cpreset4\u2033 text_shadow_style=\u201cpreset4\u2033 button_one_border_radius_hover=\u201c100px\u201c button_one_bg_color_hover=\u201c#cc8d66\u2033 button_two_bg_color_hover=\u201c#d29f68\u2033 global_colors_info= \u201d {}\u201c button_one_text_size__hover_enabled=\u201caus\u201c button_two_text_size__hover_enabled=\u201caus\u201c button_one_text_color__hover_enabled=\u201caus\u201c button_two_text_color__hover_enabled=\u201caus\u201c button_one_border_width__hover_enabled=\u201caus\u201c button_two_border_width__hover_enabled=\u201caus\u201c button_one_border_color__hover_enabled=\u201caus\u201c button_two_border_color__hover_enabled=\u201caus\u201c button_one_border_radius__hover_enabled=\u201caus\u201c radius__hover=\u201c10 0px\u201c button_two_border_radius__hover_enabled=\u201caus\u201c button_one_letter_spacing__hover_enabled=\u201caus\u201c button_two_letter_spacing__hover_enabled=\u201caus\u201c button_one_bg_color__hover_enabled=\u201con\u201c button_one_bg_color__hover=\u201c#d87c6c\u201c button_two_bg_color__hover_enabled=\u201con\u201c button_two_bg_color__hover=\u201c#d87c6c\u201c][\/et_pb_fullwidth_header][\/et_pb_section][et_pb_section =\u201c1 \u2033_builder_version=\u201c4.16\u201c global_colors_info=\u201c{}\u201c][et_pb_row _builder_version=\u201c4.16\u2033background_size=\u201cinitial\u201cbackground_position=\u201ctop_left\u201cbackground_repeat=\u201crepeat\u201cglobal_colors_info=\u201c{}\u201c][et_pb_column type=\u201c4_4\u2033 _builder_version=\u201c4.16\u2033custom_padding=\u201c|||\u201c global_colors_info=\u201c{}\u201c custom_padding__hover=\u201c|||\u201c][et_pb_text _builder_version=\u201c4.23\u2033 background_size=\u201cinitial\u201c background_position=\u201ctop_left\u201c background_repeat=\u201crepeat\u201c hover_enabled=\u201c0\u2033 global_colors_info=\u201c{}\u201c text_font_size=\u201c 18px\u201c text_font_size_last_edited=\u201con|phone\u201c sticky_enabled=\u201c0\u2033 text_font_size_phone=\u201c16px\u201c text_font_size_tablet=\u201c18px\u201c]<\/p>\n<p style=\"text-align: justify;\">Mein Abenteuer mit Tieren begann, als es abrupt enden musste. Aufgrund von Asthma und zahlreichen Allergien musste ich ein Zuhause finden \u2013 zuerst f\u00fcr meinen geliebten Papagei, dann f\u00fcr meinen Basset Hound. Allerdings wurde mir bald klar, dass das alles Teil eines gr\u00f6\u00dferen Plans war.<\/p>\n<p style=\"text-align: justify;\">Es hat lange gedauert, bis ich mich f\u00fcr ein weiteres Haustier entschieden habe. Ich suche schon seit l\u00e4ngerem nach Informationen \u00fcber hypoallergene Rassen. Noch vor drei Jahren war das \u00f6ffentliche Bewusstsein f\u00fcr ihre Existenz sehr gering. Zur Veranschaulichung: In einem der Foren zu solchen Rassen habe ich eine Definition des Wortes \u201ehypoallergen\u201c gefunden: HIPO \u2013 sehr, sehr (es gab sogar einen Vergleich mit einem Nilpferd), ALLERGIC \u2013 sensibilisierend \u2013 bedeutet \u201eein Hund, der sehr ist\u201c. allergisch&quot;. Ich muss nicht erw\u00e4hnen, dass die obige Definition nun auf die sog. \u00fcbertragen wurde Juwelen in diesem Forum.<\/p>\n<p style=\"text-align: justify;\">Nach zahlreichen Besuchen beim Z\u00fcchter (ich war auch sehr skeptisch hinsichtlich der Hypoallergenit\u00e4t) entschied ich mich f\u00fcr eine West Highland White Terrier-H\u00fcndin, mit der ich im Pastel Dog Training Centre eine Ausbildung begann. Damals entstand erstmals die Idee, mit Tieren zu arbeiten und hier entdeckte ich meine wahre Leidenschaft. Diese Idee bildete noch kein zusammenh\u00e4ngendes Ganzes, sondern war lediglich eine Skizze, die bis heute st\u00e4ndigen, kleineren oder gr\u00f6\u00dferen Modifikationen unterliegt.<\/p>\n<p style=\"text-align: justify;\">Erfahrungen habe ich durch das Training meiner Hunde gesammelt, zu meinen Lieblingsbesch\u00e4ftigungen z\u00e4hlt das Hundesporttraining. Ich habe auch Zwingerhunde unterschiedlichen Alters und nach unterschiedlichen Erfahrungen ausgebildet. Mein gro\u00dfer Erfolg waren die Ergebnisse einer einmonatigen Arbeit mit einem Hund, der vom vorherigen Trainer geschlagen wurde. Ich besch\u00e4ftige mich mit der Verhaltenshilfe f\u00fcr Hundebesitzer und m\u00f6chte mich in dieser Richtung weiterentwickeln.<\/p>\n<p style=\"text-align: justify;\">F\u00fcr den Kennel Club f\u00fchre ich beim Sammeln von W\u00fcrfen Temperamenttests f\u00fcr Welpen durch. Derzeit habe ich mit Experimenten begonnen, die ich in meiner Arbeit vorstellen m\u00f6chte. Dabei m\u00f6chte ich mich auf die Beurteilung des Temperaments von Welpen und den Einfluss von Umweltfaktoren auf deren Ver\u00e4nderung konzentrieren.<\/p>\n<p style=\"text-align: justify;\">Ich bin Absolventin des COAPE-Diplomkurses, einer Ausbildung des Hundetrainingszentrums PASTEL und von Seminaren, die von Psia Wachta organisiert werden.<\/p>\n<p style=\"text-align: justify;\">In diesem Abschnitt werde ich Artikel ver\u00f6ffentlichen, die von mir selbst und anderen verfasst wurden \u2013 Experten auf dem Gebiet der Verhaltenstherapie bei Haustieren und zuk\u00fcnftigen Verhaltensforschern, bei denen ich am COAPE-Kurs teilnehme. Ich hoffe, dass sie den Lesern von Nutzen sein werden \u2013 ich lade Sie ein, sie und etwaige Kommentare zu lesen, auf die ich gerne antworten werde.<\/p>\n<p style=\"text-align: justify;\">Edyta Gajewska<\/p>\n<p style=\"text-align: justify;\">Haarige Leidenschaft<\/p>\n<p style=\"text-align: justify;\">[\/et_pb_text][\/et_pb_column][\/et_pb_row][\/et_pb_section]<\/p>","protected":false},"excerpt":{"rendered":"<p>Mein Abenteuer mit Tieren begann, als es abrupt enden musste. Aufgrund von Asthma und zahlreichen Allergien musste ich ein Zuhause finden \u2013 zuerst f\u00fcr meinen geliebten Papagei, dann f\u00fcr einen Basset Hound. Allerdings wurde mir bald klar, dass alles Teil eines gr\u00f6\u00dferen Plans war. Es verging viel Zeit, bis ich mich dazu entschloss, mir ein weiteres Haustier anzuschaffen. Informationen zu hypoallergenen Rassen [...]<\/p>","protected":false},"author":3,"featured_media":0,"parent":0,"menu_order":8,"comment_status":"open","ping_status":"open","template":"","meta":{"_et_pb_use_builder":"on","_et_pb_old_content":"<p style=\"text-align: justify;\"><img class=\"alignleft size-full wp-image-166\" style=\"border: 5px solid WHITE;\" title=\"W\u0142ochata Pasja - Behawiorystyka\" src=\"https:\/\/wlochata-pasja.com.pl\/wp-content\/uploads\/2009\/02\/bahawiorystyka-art1.png\" alt=\"bahawiorystyka-art1\" width=\"270\" height=\"73\">Moja przygoda ze zwierz\u0119tami, zacz\u0119\u0142a si\u0119 wtedy, kiedy gwa\u0142townie musia\u0142a si\u0119 sko\u0144czy\u0107. Ze wzgl\u0119du na astm\u0119 i liczne alergie musia\u0142am znale\u017a\u0107 domy - najpierw dla ukochanej papugi, potem psa rasy Basset Hound. Wkr\u00f3tce jednak\u017ce zrozumia\u0142am, \u017ce wszystko by\u0142o cz\u0119\u015bci\u0105 wi\u0119kszego planu.<\/p>\n<p style=\"text-align: justify;\">Sporo czasu min\u0119\u0142o zanim zdecydowa\u0142am si\u0119 na kolejne zwierz\u0105tko. Informacji na temat ras hipoalergicznych szuka\u0142am dosy\u0107 d\u0142ugo. Jeszcze trzy lata temu, \u015bwiadomo\u015b\u0107 spo\u0142ecze\u0144stwa odno\u015bnie ich istnienia by\u0142a bardzo niska. Dla zobrazowania - na jednym z forum w\u0142a\u015bnie takich ras znalaz\u0142am definicj\u0119 s\u0142owa \u201ehipoalergiczny\": HIPO - bardzo, wielce (tu pad\u0142o nawet por\u00f3wnanie do hipopotama), ALERGICZNY - uczulaj\u0105cy - czyli \u201epies, kt\u00f3ry bardzo uczula\". Nie musz\u0119 wspomina\u0107, i\u017c powy\u017csza definicja obecnie zosta\u0142a przeniesiona do tzw. \u201epere\u0142ek\" na tym\u017ce forum.<\/p>\n<p style=\"text-align: justify;\">Po licznych wizytach u hodowcy (ja r\u00f3wnie\u017c bardzo sceptycznie podchodzi\u0142am do tematu hipoalergiczno\u015bci) zdecydowa\u0142am si\u0119 na suczk\u0119 rasy West Highland White Terrier, z kt\u00f3r\u0105 rozpocz\u0119\u0142am trening w O\u015brodku Szkolenia Ps\u00f3w Pastel. Wtedy po raz pierwszy zrodzi\u0142 si\u0119 pomys\u0142, pracy ze zwierz\u0119tami i w tym te\u017c odnalaz\u0142am prawdziw\u0105 pasj\u0119. Pomys\u0142 ten jeszcze wtedy nie tworzy\u0142 sp\u00f3jnej ca\u0142o\u015bci - w\u0142a\u015bciwie by\u0142 jedynie szkicem, kt\u00f3ry ulega sta\u0142ym, mniejszym b\u0105d\u017a wi\u0119kszym modyfikacjom po dzie\u0144 dzisiejszy.<\/p>\n<p style=\"text-align: justify;\">Do\u015bwiadczenia zdobywa\u0142am trenuj\u0105c moje psy, do najbardziej ulubionych zaliczam treningi psich sport\u00f3w. Szkoli\u0142am r\u00f3wnie\u017c psy kenelowe, w r\u00f3\u017cnym wieku, a tak\u017ce po r\u00f3\u017cnych przej\u015bciach. Moim du\u017cym sukcesem by\u0142y wyniki miesi\u0119cznej pracy z psem, bitym przez poprzedniego szkoleniowca. Odnajduj\u0119 si\u0119 udzielaj\u0105c pomocy behawioralnej w\u0142a\u015bcicielom ps\u00f3w i w tym kierunku chc\u0119 si\u0119 dalej rozwija\u0107.<\/p>\n<p style=\"text-align: justify;\">Dla Zwi\u0105zku Kynologicznego, przy odbiorach miot\u00f3w, robi\u0119 testy temperament\u00f3w szczeni\u0105t. Obecnie rozpocz\u0119\u0142am do\u015bwiadczenia, kt\u00f3re mam nadziej\u0119 zaprezentowa\u0107 w swojej pracy, w kt\u00f3rej chc\u0119 skupi\u0107 si\u0119 na ocenach temperament\u00f3w szczeni\u0105t i wp\u0142ywie czynnik\u00f3w \u015brodowiskowych na ich modyfikacj\u0119.<\/p>\n<p style=\"text-align: justify;\">Jestem absolwentk\u0105 kursu dyplomowego COAPE, kursu trenerskiego przeprowadzanego przez o\u015brodek szkolenia ps\u00f3w PASTEL oraz seminari\u00f3w organizowanych przez Psi\u0105 Wacht\u0119.<\/p>\n<p style=\"text-align: justify;\">W tym dziale b\u0119d\u0119 zamieszcza\u0107 artyku\u0142y swojego autorstwa oraz autorstwa innych - autorytet\u00f3w w dziedzinie terapii zachowania zwierz\u0105t towarzysz\u0105cych, oraz przysz\u0142ych behawioryst\u00f3w wraz ze mn\u0105 bior\u0105cych udzia\u0142 w kursie COAPE. Mam nadziej\u0119, \u017ce oka\u017c\u0105 si\u0119 one przydatne dla czytelnik\u00f3w - zapraszam do lektury i wszelkich komentarzy, do kt\u00f3rych z przyjemno\u015bci\u0105 si\u0119 ustosunkuj\u0119.<\/p>\n<p style=\"text-align: justify;\">Edyta Gajewska<\/p>\n<p style=\"text-align: justify;\">W\u0142ochata Pasja<\/p>\n<p style=\"text-align: justify;\">&nbsp;<\/p>","_et_gb_content_width":"1080","footnotes":""},"_links":{"self":[{"href":"https:\/\/www.wlochata-pasja.com.pl\/de\/wp-json\/wp\/v2\/pages\/125"}],"collection":[{"href":"https:\/\/www.wlochata-pasja.com.pl\/de\/wp-json\/wp\/v2\/pages"}],"about":[{"href":"https:\/\/www.wlochata-pasja.com.pl\/de\/wp-json\/wp\/v2\/types\/page"}],"author":[{"embeddable":true,"href":"https:\/\/www.wlochata-pasja.com.pl\/de\/wp-json\/wp\/v2\/users\/3"}],"replies":[{"embeddable":true,"href":"https:\/\/www.wlochata-pasja.com.pl\/de\/wp-json\/wp\/v2\/comments?post=125"}],"version-history":[{"count":4,"href":"https:\/\/www.wlochata-pasja.com.pl\/de\/wp-json\/wp\/v2\/pages\/125\/revisions"}],"predecessor-version":[{"id":4000,"href":"https:\/\/www.wlochata-pasja.com.pl\/de\/wp-json\/wp\/v2\/pages\/125\/revisions\/4000"}],"wp:attachment":[{"href":"https:\/\/www.wlochata-pasja.com.pl\/de\/wp-json\/wp\/v2\/media?parent=125"}],"curies":[{"name":"wp","href":"https:\/\/api.w.org\/{rel}","templated":true}]}}